{"id":2,"date":"2019-01-24T12:23:02","date_gmt":"2019-01-24T11:23:02","guid":{"rendered":"http:\/\/wellfood.es\/?page_id=2"},"modified":"2019-07-09T12:50:44","modified_gmt":"2019-07-09T11:50:44","slug":"quees","status":"publish","type":"page","link":"https:\/\/wellfood.es\/index.php\/quees\/","title":{"rendered":"\u00bfQu\u00e9 es wellfood?"},"content":{"rendered":"\n<p>Wellfood\u00ae es una empresa dedicada a formar y asesorar a personas que tengan cualquier desorden en sus h\u00e1bitos alimenticios para que puedan comer adecuadamente y disfrutar para siempre de una vida saludable.<\/p>\n\n\n\n<figure class=\"wp-block-image\"><img fetchpriority=\"high\" decoding=\"async\" width=\"860\" height=\"661\" src=\"https:\/\/wellfood.es\/wp-content\/uploads\/2019\/07\/Logo-Wellfood.TODO_.png\" alt=\"\" class=\"wp-image-229\" srcset=\"https:\/\/wellfood.es\/wp-content\/uploads\/2019\/07\/Logo-Wellfood.TODO_.png 860w, https:\/\/wellfood.es\/wp-content\/uploads\/2019\/07\/Logo-Wellfood.TODO_-300x231.png 300w, https:\/\/wellfood.es\/wp-content\/uploads\/2019\/07\/Logo-Wellfood.TODO_-768x590.png 768w\" sizes=\"(max-width: 860px) 100vw, 860px\" \/><\/figure>\n\n\n\n<p>Llevo m\u00e1s de 15 a\u00f1os ejerciendo la profesi\u00f3n de nutricionista. Como podr\u00e1n imaginarse he visto todo tipo de pacientes y dietas. He vivido mil alegr\u00edas y he tratado con cientos de pacientes que se sent\u00edan frustrados, enga\u00f1ados o desilusionados.<\/p>\n\n\n\n<figure class=\"wp-block-image\"><img decoding=\"async\" width=\"1024\" height=\"602\" src=\"https:\/\/wellfood.es\/wp-content\/uploads\/2019\/07\/Sin-t\u00edtulo-1_Mesa-de-trabajo-1-1024x602.png\" alt=\"\" class=\"wp-image-408\" srcset=\"https:\/\/wellfood.es\/wp-content\/uploads\/2019\/07\/Sin-t\u00edtulo-1_Mesa-de-trabajo-1-1024x602.png 1024w, https:\/\/wellfood.es\/wp-content\/uploads\/2019\/07\/Sin-t\u00edtulo-1_Mesa-de-trabajo-1-300x176.png 300w, https:\/\/wellfood.es\/wp-content\/uploads\/2019\/07\/Sin-t\u00edtulo-1_Mesa-de-trabajo-1-768x451.png 768w\" sizes=\"(max-width: 1024px) 100vw, 1024px\" \/><figcaption>Mariano Arc\u00eds Beltr\u00e1n <\/figcaption><\/figure>\n\n\n\n<p>Si algo he aprendido a lo largo de \u00e9stos a\u00f1os, despu\u00e9s de haber visto a m\u00e1s de 4.000 pacientes es que lo verdaderamente importante es aprender a comer. De nada sirven las dietas milagro ni las p\u00e9rdidas de peso r\u00e1pidas sin control y sin sentido porque lo verdaderamente importante es que hay que aprender a comer bien.<\/p>\n\n\n\n<blockquote class=\"wp-block-quote is-layout-flow wp-block-quote-is-layout-flow\"><p>Una dieta equilibrada y planificada ayuda a mejorar nuestro bienestar en general. Los buenos resultados te hacen sentirte mejor f\u00edsicamente, emocionalmente, te \u00abmasajea\u00bb el autoestima y para colmo la gente que te rodea (la familia, los amigos, compa\u00f1eros de trabajo) tambi\u00e9n se beneficia de tu bienestar. Si a \u00e9sta dieta equilibrada le sumamos ejercicio f\u00edsico diario mejoraremos sustancialmente nuestra calidad de vida.<\/p><\/blockquote>\n\n\n\n<p>La alimentaci\u00f3n tiene un impacto directo en la calidad de vida de todas las personas y ademas puede influir en tu estado de \u00e1nimo, en tu buen humor, en tus relaciones familiares, en tu ambiente laboral y en otros aspectos importantes de tu vida. <br>Por ejemplo, saltarse una comida produce una bajada de az\u00facar, que se traduce en d\u00e9ficit de atenci\u00f3n y una respuesta m\u00e1s lenta ante cualquier circunstancia de la vida. La falta de hierro, produce debilidad, flojera y fallos de coordinaci\u00f3n. La obesidad, puede duplicar las probabilidades de absentismo laboral, problemas de diabetes&#8230; <br>En resumen: Es muy importante no saltarse ninguna comida del d\u00eda.<\/p>\n\n\n\n<figure class=\"wp-block-image\"><img decoding=\"async\" width=\"1024\" height=\"609\" src=\"https:\/\/wellfood.es\/wp-content\/uploads\/2019\/06\/Mariano2-01-1024x609.png\" alt=\"\" class=\"wp-image-117\" srcset=\"https:\/\/wellfood.es\/wp-content\/uploads\/2019\/06\/Mariano2-01-1024x609.png 1024w, https:\/\/wellfood.es\/wp-content\/uploads\/2019\/06\/Mariano2-01-300x178.png 300w, https:\/\/wellfood.es\/wp-content\/uploads\/2019\/06\/Mariano2-01-768x456.png 768w\" sizes=\"(max-width: 1024px) 100vw, 1024px\" \/><\/figure>\n\n\n\n<blockquote class=\"wp-block-quote is-layout-flow wp-block-quote-is-layout-flow\"><p>Es evidente, por tanto, que t\u00fa, tu familia, amigos y compa\u00f1eros de trabajo se  ven beneficiados de una mejor alimentaci\u00f3n.<br>Seg\u00fan un informe de la Organizaci\u00f3n Mundial de la Salud (OMS), una alimentaci\u00f3n adecuada y la pr\u00e1ctica de actividad f\u00edsica puede incrementar los niveles de productividad hasta un 20% en el \u00e1mbito laboral.<br>Al aumentar el rendimiento de los trabajadores, aumenta la productividad y la competitividad.<\/p><\/blockquote>\n\n\n\n<p>Adem\u00e1s, soy especialista en nutrici\u00f3n para deportistas. Trabajo mano a mano con Manuel Castro en MC Estudio, con deportistas profesionales de primer nivel, como jugadores de f\u00fatbol del Real Murcia, FC Cartagena, Real Murcia Baloncesto, deportistas individuales, cl\u00ednicas de fisioterapia, etc.<\/p>\n\n\n\n<figure class=\"wp-block-image\"><img loading=\"lazy\" decoding=\"async\" width=\"1024\" height=\"609\" src=\"https:\/\/wellfood.es\/wp-content\/uploads\/2019\/06\/Mariano3-01-1024x609.png\" alt=\"\" class=\"wp-image-118\" srcset=\"https:\/\/wellfood.es\/wp-content\/uploads\/2019\/06\/Mariano3-01-1024x609.png 1024w, https:\/\/wellfood.es\/wp-content\/uploads\/2019\/06\/Mariano3-01-300x178.png 300w, https:\/\/wellfood.es\/wp-content\/uploads\/2019\/06\/Mariano3-01-768x456.png 768w\" sizes=\"(max-width: 1024px) 100vw, 1024px\" \/><\/figure>\n\n\n\n<p> Wellfood\u00ae es la soluci\u00f3n para estar bien.<\/p>\n\n\n\n<p><\/p>\n","protected":false},"excerpt":{"rendered":"<p>Wellfood\u00ae es una empresa dedicada a formar y asesorar a personas que tengan cualquier desorden en sus h\u00e1bitos alimenticios para que puedan comer adecuadamente y disfrutar para siempre de una vida saludable. Llevo m\u00e1s de 15 a\u00f1os ejerciendo la profesi\u00f3n de nutricionista. Como podr\u00e1n imaginarse he visto todo tipo de pacientes y dietas. He vivido [&hellip;]<\/p>\n","protected":false},"author":3,"featured_media":0,"parent":0,"menu_order":0,"comment_status":"closed","ping_status":"closed","template":"","meta":{"footnotes":""},"simple-restrict-permission":[],"class_list":["post-2","page","type-page","status-publish","hentry"],"_links":{"self":[{"href":"https:\/\/wellfood.es\/index.php\/wp-json\/wp\/v2\/pages\/2"}],"collection":[{"href":"https:\/\/wellfood.es\/index.php\/wp-json\/wp\/v2\/pages"}],"about":[{"href":"https:\/\/wellfood.es\/index.php\/wp-json\/wp\/v2\/types\/page"}],"author":[{"embeddable":true,"href":"https:\/\/wellfood.es\/index.php\/wp-json\/wp\/v2\/users\/3"}],"replies":[{"embeddable":true,"href":"https:\/\/wellfood.es\/index.php\/wp-json\/wp\/v2\/comments?post=2"}],"version-history":[{"count":0,"href":"https:\/\/wellfood.es\/index.php\/wp-json\/wp\/v2\/pages\/2\/revisions"}],"wp:attachment":[{"href":"https:\/\/wellfood.es\/index.php\/wp-json\/wp\/v2\/media?parent=2"}],"wp:term":[{"taxonomy":"simple-restrict-permission","embeddable":true,"href":"https:\/\/wellfood.es\/index.php\/wp-json\/wp\/v2\/simple-restrict-permission?post=2"}],"curies":[{"name":"wp","href":"https:\/\/api.w.org\/{rel}","templated":true}]}}